{"id":2,"date":"2019-01-25T13:56:46","date_gmt":"2019-01-25T15:56:46","guid":{"rendered":"http:\/\/localhost\/redefrancofona\/?page_id=2"},"modified":"2019-02-01T18:53:21","modified_gmt":"2019-02-01T20:53:21","slug":"pagina-exemplo","status":"publish","type":"page","link":"https:\/\/redefrancofona.direito.ufmg.br\/?page_id=2","title":{"rendered":"Premia\u00e7\u00f5es"},"content":{"rendered":"\n<h3 class=\"wp-block-heading\"><strong>Terceiro melhor projeto da Semana do Conhecimento, <\/strong><\/h3>\n\n\n\n<p><em>realizado pelo <strong>Diret\u00f3rio de Rela\u00e7\u00f5es Internacionais da UFMG<\/strong><\/em><\/p>\n\n\n\n<p>Em outubro de 2018 a Rede Franc\u00f3fona participou do I Encontro Internacional de Mobilidade da UFMG e conquistou o pr\u00eamio de terceiro melhor projeto apresentado durante a Semana do Conhecimento.<\/p>\n\n\n\n<figure class=\"wp-block-image\"><img loading=\"lazy\" decoding=\"async\" width=\"768\" height=\"1024\" src=\"http:\/\/localhost\/redefrancofona\/wp-content\/uploads\/2019\/02\/ana-bru-1-768x1024.jpg\" alt=\"\" class=\"wp-image-53\" srcset=\"https:\/\/redefrancofona.direito.ufmg.br\/wp-content\/uploads\/2019\/02\/ana-bru-1-768x1024.jpg 768w, https:\/\/redefrancofona.direito.ufmg.br\/wp-content\/uploads\/2019\/02\/ana-bru-1-225x300.jpg 225w, https:\/\/redefrancofona.direito.ufmg.br\/wp-content\/uploads\/2019\/02\/ana-bru-1.jpg 863w, https:\/\/redefrancofona.direito.ufmg.br\/wp-content\/uploads\/2019\/02\/ana-bru-1-81x108.jpg 81w\" sizes=\"auto, (max-width: 768px) 100vw, 768px\" \/><\/figure>\n\n\n\n<h3 class=\"wp-block-heading\"><strong>Melhor projeto multiplicador do 4\u00ba Edital de Bolsas, <\/strong><\/h3>\n\n\n\n<p><em>realizado pela <strong>Associa\u00e7\u00e3o Amigos da Vetusta<\/strong><\/em><\/p>\n\n\n\n<p>Em dezembro de 2017, as fundadoras da Rede Franc\u00f3fona, ao idealizarem o projeto, receberam o pr\u00eamio de melhor projeto multiplicador da faculdade. Desde ent\u00e3o, a Associa\u00e7\u00e3o Amigos da Vetusta vem sendo grande parceira e apoiadora do nosso projeto.<\/p>\n\n\n\n<figure class=\"wp-block-image\"><img loading=\"lazy\" decoding=\"async\" width=\"679\" height=\"448\" src=\"http:\/\/localhost\/redefrancofona\/wp-content\/uploads\/2019\/02\/fullsizeoutput_252b.jpeg\" alt=\"\" class=\"wp-image-56\" srcset=\"https:\/\/redefrancofona.direito.ufmg.br\/wp-content\/uploads\/2019\/02\/fullsizeoutput_252b.jpeg 679w, https:\/\/redefrancofona.direito.ufmg.br\/wp-content\/uploads\/2019\/02\/fullsizeoutput_252b-300x198.jpeg 300w, https:\/\/redefrancofona.direito.ufmg.br\/wp-content\/uploads\/2019\/02\/fullsizeoutput_252b-164x108.jpeg 164w\" sizes=\"auto, (max-width: 679px) 100vw, 679px\" \/><\/figure>\n\n\n\n<figure class=\"wp-block-image is-resized\"><img loading=\"lazy\" decoding=\"async\" src=\"http:\/\/localhost\/redefrancofona\/wp-content\/uploads\/2019\/02\/img_9085-e1548942067967.jpg\" alt=\"\" class=\"wp-image-57\" width=\"584\" height=\"453\" srcset=\"https:\/\/redefrancofona.direito.ufmg.br\/wp-content\/uploads\/2019\/02\/img_9085-e1548942067967.jpg 835w, https:\/\/redefrancofona.direito.ufmg.br\/wp-content\/uploads\/2019\/02\/img_9085-e1548942067967-300x233.jpg 300w, https:\/\/redefrancofona.direito.ufmg.br\/wp-content\/uploads\/2019\/02\/img_9085-e1548942067967-768x597.jpg 768w, https:\/\/redefrancofona.direito.ufmg.br\/wp-content\/uploads\/2019\/02\/img_9085-e1548942067967-139x108.jpg 139w\" sizes=\"auto, (max-width: 584px) 100vw, 584px\" \/><\/figure>\n","protected":false},"excerpt":{"rendered":"<p>Terceiro melhor projeto da Semana do Conhecimento, realizado pelo Diret\u00f3rio de Rela\u00e7\u00f5es Internacionais da UFMG Em outubro de 2018 a Rede Franc\u00f3fona participou do I Encontro Internacional de Mobilidade da UFMG e conquistou o pr\u00eamio de terceiro melhor projeto apresentado durante a Semana do Conhecimento. Melhor projeto multiplicador do 4\u00ba Edital de Bolsas, realizado pela &hellip; <a href=\"https:\/\/redefrancofona.direito.ufmg.br\/?page_id=2\" class=\"more-link\">Continuar lendo <span class=\"screen-reader-text\">Premia\u00e7\u00f5es<\/span><\/a><\/p>\n","protected":false},"author":1,"featured_media":0,"parent":0,"menu_order":0,"comment_status":"closed","ping_status":"open","template":"","meta":{"footnotes":""},"class_list":["post-2","page","type-page","status-publish","hentry"],"_links":{"self":[{"href":"https:\/\/redefrancofona.direito.ufmg.br\/index.php?rest_route=\/wp\/v2\/pages\/2","targetHints":{"allow":["GET"]}}],"collection":[{"href":"https:\/\/redefrancofona.direito.ufmg.br\/index.php?rest_route=\/wp\/v2\/pages"}],"about":[{"href":"https:\/\/redefrancofona.direito.ufmg.br\/index.php?rest_route=\/wp\/v2\/types\/page"}],"author":[{"embeddable":true,"href":"https:\/\/redefrancofona.direito.ufmg.br\/index.php?rest_route=\/wp\/v2\/users\/1"}],"replies":[{"embeddable":true,"href":"https:\/\/redefrancofona.direito.ufmg.br\/index.php?rest_route=%2Fwp%2Fv2%2Fcomments&post=2"}],"version-history":[{"count":0,"href":"https:\/\/redefrancofona.direito.ufmg.br\/index.php?rest_route=\/wp\/v2\/pages\/2\/revisions"}],"wp:attachment":[{"href":"https:\/\/redefrancofona.direito.ufmg.br\/index.php?rest_route=%2Fwp%2Fv2%2Fmedia&parent=2"}],"curies":[{"name":"wp","href":"https:\/\/api.w.org\/{rel}","templated":true}]}}