{"id":3,"date":"2019-01-25T13:56:46","date_gmt":"2019-01-25T15:56:46","guid":{"rendered":"http:\/\/localhost\/redefrancofona\/?page_id=3"},"modified":"2019-07-01T23:15:17","modified_gmt":"2019-07-02T02:15:17","slug":"eventos","status":"publish","type":"page","link":"https:\/\/redefrancofona.direito.ufmg.br\/?page_id=3","title":{"rendered":"Eventos"},"content":{"rendered":"\n<p>A Rede Franc\u00f3fona oferece \u00e0 comunidade acad\u00eamica diversas atividades relacionadas aos seus objetivos de difundir a l\u00edngua e a cultura franc\u00f3fonas e uma forma \u00e9 por meio da realiza\u00e7\u00e3o de eventos.<\/p>\n\n\n\n<h4 class=\"wp-block-heading\"><strong>Estudar em pa\u00edses Franc\u00f3fonos: Fran\u00e7a e B\u00e9lgica<\/strong><\/h4>\n\n\n\n<p>O evento \u201cEstudar em pa\u00edses Franc\u00f3fonos: Fran\u00e7a e B\u00e9lgica\u201d foi realizado a partir de uma parceira entre a Rede Franc\u00f3fona e o Campus France e a Wallonie-Bruxelles.&nbsp;<\/p>\n\n\n\n<p>No dia 22 de mar\u00e7o de 2019, \u00e0s 11h00, o Wallonie-Bruxelles International e o Campus France realizam uma palestra na Faculdade de Direito da UFMG sobre oportunidades acad\u00eamicas na B\u00e9lgica e na Fran\u00e7a. Na ocasi\u00e3o, foi poss\u00edvel obter informa\u00e7\u00f5es sobre a organiza\u00e7\u00e3o do ensino superior nesses pa\u00edses, o procedimento de ingresso nas universidades e as possibilidades de bolsas de estudos.&nbsp;<\/p>\n\n\n\n<p>O ciclo de palestras fez parte da 5\u00aa Festa da Francofonia, evento que aconteceu em Belo Horizonte entre 15 e 31 de mar\u00e7o de 2019.<\/p>\n\n\n\n<p>Agradecemos ao Renan e \u00e0 Elodie por nos trazerem informa\u00e7\u00f5es importantes sobre as possibilidades de estudos nesses pa\u00edses. Agradecemos tamb\u00e9m a todos os alunos participantes que se engajam nas atividades da Rede.<\/p>\n\n\n\n<h4 class=\"wp-block-heading\">1\u00aa Confer\u00eancia da Rede Franc\u00f3fona<\/h4>\n\n\n\n<figure class=\"wp-block-image\"><img loading=\"lazy\" decoding=\"async\" width=\"672\" height=\"161\" src=\"http:\/\/localhost\/redefrancofona\/wp-content\/uploads\/2019\/02\/captura-de-tela-2019-01-24-\u00e0s-19.47.37-e1548366504624.png\" alt=\"\" class=\"wp-image-59\" srcset=\"https:\/\/redefrancofona.direito.ufmg.br\/wp-content\/uploads\/2019\/02\/captura-de-tela-2019-01-24-\u00e0s-19.47.37-e1548366504624.png 672w, https:\/\/redefrancofona.direito.ufmg.br\/wp-content\/uploads\/2019\/02\/captura-de-tela-2019-01-24-\u00e0s-19.47.37-e1548366504624-300x72.png 300w, https:\/\/redefrancofona.direito.ufmg.br\/wp-content\/uploads\/2019\/02\/captura-de-tela-2019-01-24-\u00e0s-19.47.37-e1548366504624-451x108.png 451w\" sizes=\"auto, (max-width: 672px) 100vw, 672px\" \/><\/figure>\n\n\n\n<p>O primeiro evento organizado pela Rede foi a 1\u00aa Confer\u00eancia da Rede Franc\u00f3fona, realizado na Faculdade de Direito da UFMG no dia 12 de setembro de 2018. A Confer\u00eancia apresentou ao p\u00fablico oportunidades acad\u00eamicas na Fran\u00e7a, Canad\u00e1 e B\u00e9lgica e contou com a participa\u00e7\u00e3o de mais de cem estudantes. Contamos com a presen\u00e7a diversas autoridade como: a Adida Cultural Belga, Elodie Meunir; o Adido Cultural Franc\u00eas, Philippe Makany; o representante do Campus France, Renan de Oliveira; o Adido Cultural do Canad\u00e1; o Diretor de Rela\u00e7\u00f5es Internacionais da UFMG, Aziz Saliba e o professor de Direito Internacional da UFMG, Lucas Lima.<\/p>\n\n\n\n<figure class=\"wp-block-image\"><img loading=\"lazy\" decoding=\"async\" width=\"863\" height=\"575\" src=\"http:\/\/localhost\/redefrancofona\/wp-content\/uploads\/2019\/02\/a.jpg\" alt=\"\" class=\"wp-image-60\" srcset=\"https:\/\/redefrancofona.direito.ufmg.br\/wp-content\/uploads\/2019\/02\/a.jpg 863w, https:\/\/redefrancofona.direito.ufmg.br\/wp-content\/uploads\/2019\/02\/a-300x200.jpg 300w, https:\/\/redefrancofona.direito.ufmg.br\/wp-content\/uploads\/2019\/02\/a-768x512.jpg 768w, https:\/\/redefrancofona.direito.ufmg.br\/wp-content\/uploads\/2019\/02\/a-162x108.jpg 162w\" sizes=\"auto, (max-width: 863px) 100vw, 863px\" \/><\/figure>\n\n\n\n<h4 class=\"wp-block-heading\"><strong>Aul\u00e3o de Franc\u00eas Jur\u00eddico<\/strong><\/h4>\n\n\n\n<figure class=\"wp-block-image\"><img loading=\"lazy\" decoding=\"async\" width=\"681\" height=\"131\" src=\"http:\/\/localhost\/redefrancofona\/wp-content\/uploads\/2019\/02\/captura-de-tela-2019-01-24-\u00e0s-19.40.18.png\" alt=\"\" class=\"wp-image-61\" srcset=\"https:\/\/redefrancofona.direito.ufmg.br\/wp-content\/uploads\/2019\/02\/captura-de-tela-2019-01-24-\u00e0s-19.40.18.png 681w, https:\/\/redefrancofona.direito.ufmg.br\/wp-content\/uploads\/2019\/02\/captura-de-tela-2019-01-24-\u00e0s-19.40.18-300x58.png 300w, https:\/\/redefrancofona.direito.ufmg.br\/wp-content\/uploads\/2019\/02\/captura-de-tela-2019-01-24-\u00e0s-19.40.18-480x92.png 480w\" sizes=\"auto, (max-width: 681px) 100vw, 681px\" \/><\/figure>\n\n\n\n<p>Ainda no segundo semestre de 2018, a Rede organizou o <strong>Aul\u00e3o de Franc\u00eas Jur\u00eddico<\/strong>, contando com a presen\u00e7a do professor Pedro Corgozinho.<\/p>\n\n\n\n<figure class=\"wp-block-image\"><img loading=\"lazy\" decoding=\"async\" width=\"863\" height=\"486\" src=\"http:\/\/localhost\/redefrancofona\/wp-content\/uploads\/2019\/02\/pedro.jpg\" alt=\"\" class=\"wp-image-62\" srcset=\"https:\/\/redefrancofona.direito.ufmg.br\/wp-content\/uploads\/2019\/02\/pedro.jpg 863w, https:\/\/redefrancofona.direito.ufmg.br\/wp-content\/uploads\/2019\/02\/pedro-300x169.jpg 300w, https:\/\/redefrancofona.direito.ufmg.br\/wp-content\/uploads\/2019\/02\/pedro-768x433.jpg 768w, https:\/\/redefrancofona.direito.ufmg.br\/wp-content\/uploads\/2019\/02\/pedro-192x108.jpg 192w\" sizes=\"auto, (max-width: 863px) 100vw, 863px\" \/><\/figure>\n","protected":false},"excerpt":{"rendered":"<p>A Rede Franc\u00f3fona oferece \u00e0 comunidade acad\u00eamica diversas atividades relacionadas aos seus objetivos de difundir a l\u00edngua e a cultura franc\u00f3fonas e uma forma \u00e9 por meio da realiza\u00e7\u00e3o de eventos. Estudar em pa\u00edses Franc\u00f3fonos: Fran\u00e7a e B\u00e9lgica O evento \u201cEstudar em pa\u00edses Franc\u00f3fonos: Fran\u00e7a e B\u00e9lgica\u201d foi realizado a partir de uma parceira entre &hellip; <a href=\"https:\/\/redefrancofona.direito.ufmg.br\/?page_id=3\" class=\"more-link\">Continuar lendo <span class=\"screen-reader-text\">Eventos<\/span><\/a><\/p>\n","protected":false},"author":1,"featured_media":0,"parent":0,"menu_order":0,"comment_status":"closed","ping_status":"open","template":"","meta":{"footnotes":""},"class_list":["post-3","page","type-page","status-publish","hentry"],"_links":{"self":[{"href":"https:\/\/redefrancofona.direito.ufmg.br\/index.php?rest_route=\/wp\/v2\/pages\/3","targetHints":{"allow":["GET"]}}],"collection":[{"href":"https:\/\/redefrancofona.direito.ufmg.br\/index.php?rest_route=\/wp\/v2\/pages"}],"about":[{"href":"https:\/\/redefrancofona.direito.ufmg.br\/index.php?rest_route=\/wp\/v2\/types\/page"}],"author":[{"embeddable":true,"href":"https:\/\/redefrancofona.direito.ufmg.br\/index.php?rest_route=\/wp\/v2\/users\/1"}],"replies":[{"embeddable":true,"href":"https:\/\/redefrancofona.direito.ufmg.br\/index.php?rest_route=%2Fwp%2Fv2%2Fcomments&post=3"}],"version-history":[{"count":0,"href":"https:\/\/redefrancofona.direito.ufmg.br\/index.php?rest_route=\/wp\/v2\/pages\/3\/revisions"}],"wp:attachment":[{"href":"https:\/\/redefrancofona.direito.ufmg.br\/index.php?rest_route=%2Fwp%2Fv2%2Fmedia&parent=3"}],"curies":[{"name":"wp","href":"https:\/\/api.w.org\/{rel}","templated":true}]}}