{"id":43,"date":"2019-02-01T18:35:12","date_gmt":"2019-02-01T20:35:12","guid":{"rendered":"http:\/\/localhost\/redefrancofona\/?page_id=43"},"modified":"2019-02-01T20:27:09","modified_gmt":"2019-02-01T22:27:09","slug":"parceiros","status":"publish","type":"page","link":"https:\/\/redefrancofona.direito.ufmg.br\/?page_id=43","title":{"rendered":"Parceiros"},"content":{"rendered":"\n<p>Para realizar as suas atividades a Rede Franc\u00f3fona conta com a ajuda de muitas institui\u00e7\u00f5es que partilham os mesmos valores e interesses que a gente. Conhe\u00e7a um pouco mais sobre elas:<\/p>\n\n\n\n<div class=\"wp-block-media-text alignwide\" style=\"grid-template-columns:26% auto\"><figure class=\"wp-block-media-text__media\"><img loading=\"lazy\" decoding=\"async\" width=\"124\" height=\"115\" src=\"http:\/\/localhost\/redefrancofona\/wp-content\/uploads\/2019\/02\/Logo-AV-e1545853093920.png\" alt=\"\" class=\"wp-image-46\" srcset=\"https:\/\/redefrancofona.direito.ufmg.br\/wp-content\/uploads\/2019\/02\/Logo-AV-e1545853093920.png 124w, https:\/\/redefrancofona.direito.ufmg.br\/wp-content\/uploads\/2019\/02\/Logo-AV-e1545853093920-116x108.png 116w\" sizes=\"auto, (max-width: 124px) 100vw, 124px\" \/><\/figure><div class=\"wp-block-media-text__content\">\n<p>A\u00a0<strong><a rel=\"noreferrer noopener\" href=\"http:\/\/amigosdavetusta.com.br\" target=\"_blank\">Amigos da Vetusta<\/a><\/strong> \u00e9 uma rede de ex-alunos de Direito da UFMG que acredita no poder multiplicador de bons projetos e na inspira\u00e7\u00e3o pelo exemplo.<\/p>\n<\/div><\/div>\n\n\n\n<div class=\"wp-block-media-text alignwide has-media-on-the-right\" style=\"grid-template-columns:auto 41%\"><figure class=\"wp-block-media-text__media\"><img loading=\"lazy\" decoding=\"async\" width=\"327\" height=\"100\" src=\"http:\/\/localhost\/redefrancofona\/wp-content\/uploads\/2019\/02\/CFB_vetor-1_0.jpg\" alt=\"\" class=\"wp-image-47\" srcset=\"https:\/\/redefrancofona.direito.ufmg.br\/wp-content\/uploads\/2019\/02\/CFB_vetor-1_0.jpg 327w, https:\/\/redefrancofona.direito.ufmg.br\/wp-content\/uploads\/2019\/02\/CFB_vetor-1_0-300x92.jpg 300w\" sizes=\"auto, (max-width: 327px) 100vw, 327px\" \/><\/figure><div class=\"wp-block-media-text__content\">\n<p>O <strong><a href=\"https:\/\/www.bresil.campusfrance.org\/pt-br\">Campus France<\/a><\/strong> \u00e9 a ag\u00eancia francesa para a promo\u00e7\u00e3o do ensino superior,<br> o acolhimento e a mobilidade internacional.<\/p>\n<\/div><\/div>\n\n\n\n<div class=\"wp-block-media-text alignwide\" style=\"grid-template-columns:36% auto\"><figure class=\"wp-block-media-text__media\"><img loading=\"lazy\" decoding=\"async\" width=\"328\" height=\"193\" src=\"http:\/\/localhost\/redefrancofona\/wp-content\/uploads\/2019\/02\/effiel-Scholarships-for-international-students.png\" alt=\"\" class=\"wp-image-48\" srcset=\"https:\/\/redefrancofona.direito.ufmg.br\/wp-content\/uploads\/2019\/02\/effiel-Scholarships-for-international-students.png 328w, https:\/\/redefrancofona.direito.ufmg.br\/wp-content\/uploads\/2019\/02\/effiel-Scholarships-for-international-students-300x177.png 300w, https:\/\/redefrancofona.direito.ufmg.br\/wp-content\/uploads\/2019\/02\/effiel-Scholarships-for-international-students-184x108.png 184w\" sizes=\"auto, (max-width: 328px) 100vw, 328px\" \/><\/figure><div class=\"wp-block-media-text__content\">\n<p>O <strong>Consulado Franc\u00eas<\/strong> tem como objetivo prestar servi\u00e7os  consulares para franceses em Belo Horizonte, assim como\u00a0 promover de  forma institucional, cultural e acad\u00eamica a Fran\u00e7a.<\/p>\n<\/div><\/div>\n\n\n\n<div class=\"wp-block-media-text alignwide has-media-on-the-right\" style=\"grid-template-columns:auto 34%\"><figure class=\"wp-block-media-text__media\"><img loading=\"lazy\" decoding=\"async\" width=\"328\" height=\"162\" src=\"http:\/\/localhost\/redefrancofona\/wp-content\/uploads\/2019\/02\/logo_392-.jpg\" alt=\"\" class=\"wp-image-49\" srcset=\"https:\/\/redefrancofona.direito.ufmg.br\/wp-content\/uploads\/2019\/02\/logo_392-.jpg 328w, https:\/\/redefrancofona.direito.ufmg.br\/wp-content\/uploads\/2019\/02\/logo_392--300x148.jpg 300w, https:\/\/redefrancofona.direito.ufmg.br\/wp-content\/uploads\/2019\/02\/logo_392--219x108.jpg 219w\" sizes=\"auto, (max-width: 328px) 100vw, 328px\" \/><\/figure><div class=\"wp-block-media-text__content\">\n<p>A\u00a0<strong><a rel=\"noreferrer noopener\" href=\"http:\/\/aliancafrancesabh.com.br\" target=\"_blank\">Alian\u00e7a Francesa<\/a> <\/strong>de  Belo Horizonte\u00a0\u00e9 uma Associa\u00e7\u00e3o Brasileira sem fins lucrativos que se  dedica ao ensino do idioma franc\u00eas, \u00e0 promo\u00e7\u00e3o do interc\u00e2mbio cultural  entre o Brasil e os pa\u00edses franc\u00f3fonos e \u00e0 valoriza\u00e7\u00e3o dos artistas  locais.<\/p>\n<\/div><\/div>\n\n\n\n<div class=\"wp-block-media-text alignwide\" style=\"grid-template-columns:27% auto\"><figure class=\"wp-block-media-text__media\"><img loading=\"lazy\" decoding=\"async\" width=\"322\" height=\"123\" src=\"http:\/\/localhost\/redefrancofona\/wp-content\/uploads\/2019\/02\/idiomas-1-640x340-e1545853273133.jpg\" alt=\"\" class=\"wp-image-50\" srcset=\"https:\/\/redefrancofona.direito.ufmg.br\/wp-content\/uploads\/2019\/02\/idiomas-1-640x340-e1545853273133.jpg 322w, https:\/\/redefrancofona.direito.ufmg.br\/wp-content\/uploads\/2019\/02\/idiomas-1-640x340-e1545853273133-300x115.jpg 300w, https:\/\/redefrancofona.direito.ufmg.br\/wp-content\/uploads\/2019\/02\/idiomas-1-640x340-e1545853273133-283x108.jpg 283w\" sizes=\"auto, (max-width: 322px) 100vw, 322px\" \/><\/figure><div class=\"wp-block-media-text__content\">\n<p>O&nbsp;<strong>Idiomas sem Fronteiras<\/strong>&nbsp;busca promover a\u00e7\u00f5es em prol \nde uma pol\u00edtica lingu\u00edstica para a internacionaliza\u00e7\u00e3o do Ensino \nSuperior Brasileiro, valorizando a forma\u00e7\u00e3o especializada de professores\n de l\u00ednguas estrangeiras.<\/p>\n<\/div><\/div>\n","protected":false},"excerpt":{"rendered":"<p>Para realizar as suas atividades a Rede Franc\u00f3fona conta com a ajuda de muitas institui\u00e7\u00f5es que partilham os mesmos valores e interesses que a gente. Conhe\u00e7a um pouco mais sobre elas: A\u00a0Amigos da Vetusta \u00e9 uma rede de ex-alunos de Direito da UFMG que acredita no poder multiplicador de bons projetos e na inspira\u00e7\u00e3o pelo &hellip; <a href=\"https:\/\/redefrancofona.direito.ufmg.br\/?page_id=43\" class=\"more-link\">Continuar lendo <span class=\"screen-reader-text\">Parceiros<\/span><\/a><\/p>\n","protected":false},"author":1,"featured_media":0,"parent":0,"menu_order":0,"comment_status":"closed","ping_status":"closed","template":"","meta":{"footnotes":""},"class_list":["post-43","page","type-page","status-publish","hentry"],"_links":{"self":[{"href":"https:\/\/redefrancofona.direito.ufmg.br\/index.php?rest_route=\/wp\/v2\/pages\/43","targetHints":{"allow":["GET"]}}],"collection":[{"href":"https:\/\/redefrancofona.direito.ufmg.br\/index.php?rest_route=\/wp\/v2\/pages"}],"about":[{"href":"https:\/\/redefrancofona.direito.ufmg.br\/index.php?rest_route=\/wp\/v2\/types\/page"}],"author":[{"embeddable":true,"href":"https:\/\/redefrancofona.direito.ufmg.br\/index.php?rest_route=\/wp\/v2\/users\/1"}],"replies":[{"embeddable":true,"href":"https:\/\/redefrancofona.direito.ufmg.br\/index.php?rest_route=%2Fwp%2Fv2%2Fcomments&post=43"}],"version-history":[{"count":0,"href":"https:\/\/redefrancofona.direito.ufmg.br\/index.php?rest_route=\/wp\/v2\/pages\/43\/revisions"}],"wp:attachment":[{"href":"https:\/\/redefrancofona.direito.ufmg.br\/index.php?rest_route=%2Fwp%2Fv2%2Fmedia&parent=43"}],"curies":[{"name":"wp","href":"https:\/\/api.w.org\/{rel}","templated":true}]}}