{"id":65,"date":"2019-02-01T19:16:32","date_gmt":"2019-02-01T21:16:32","guid":{"rendered":"http:\/\/localhost\/redefrancofona\/?page_id=65"},"modified":"2019-02-01T19:16:32","modified_gmt":"2019-02-01T21:16:32","slug":"cursos","status":"publish","type":"page","link":"https:\/\/redefrancofona.direito.ufmg.br\/?page_id=65","title":{"rendered":"Cursos"},"content":{"rendered":"\n<p>A oferta de cursos sobre os mais \nvariados temas relacionados \u00e0 francofonia \u00e9 um dos objetivos da Rede \ncomo meio de difus\u00e3o de conhecimentos.<\/p>\n\n\n\n<div class=\"wp-block-media-text alignwide\" style=\"grid-template-columns:33% auto\"><figure class=\"wp-block-media-text__media\"><img loading=\"lazy\" decoding=\"async\" width=\"344\" height=\"194\" src=\"http:\/\/localhost\/redefrancofona\/wp-content\/uploads\/2019\/02\/descartes.jpg\" alt=\"\" class=\"wp-image-66\" srcset=\"https:\/\/redefrancofona.direito.ufmg.br\/wp-content\/uploads\/2019\/02\/descartes.jpg 344w, https:\/\/redefrancofona.direito.ufmg.br\/wp-content\/uploads\/2019\/02\/descartes-300x169.jpg 300w, https:\/\/redefrancofona.direito.ufmg.br\/wp-content\/uploads\/2019\/02\/descartes-192x108.jpg 192w\" sizes=\"auto, (max-width: 344px) 100vw, 344px\" \/><\/figure><div class=\"wp-block-media-text__content\">\n<p>J\u00e1 no segundo semestre de 2018 a Rede trouxe aos alunos da UFMG a disciplina \u201c<em>Droit du commerce ext\u00e9rieur de l\u2019Union europ\u00e9enne<\/em>\u201c,\n lecionado no Master 2 Juriste d\u2019affaires europ\u00e9en, da Universit\u00e9 Paris \nDescartes pela Professora&nbsp;Mme. Julia Motte-Baumvol. O curso contou com \n12 alunos do Direito da UFMG e foi um sucesso!<\/p>\n<\/div><\/div>\n\n\n\n<figure class=\"wp-block-image\"><img loading=\"lazy\" decoding=\"async\" width=\"863\" height=\"485\" src=\"http:\/\/localhost\/redefrancofona\/wp-content\/uploads\/2019\/02\/whatsapp-image-2019-01-24-at-19.16.09.jpeg\" alt=\"\" class=\"wp-image-67\" srcset=\"https:\/\/redefrancofona.direito.ufmg.br\/wp-content\/uploads\/2019\/02\/whatsapp-image-2019-01-24-at-19.16.09.jpeg 863w, https:\/\/redefrancofona.direito.ufmg.br\/wp-content\/uploads\/2019\/02\/whatsapp-image-2019-01-24-at-19.16.09-300x169.jpeg 300w, https:\/\/redefrancofona.direito.ufmg.br\/wp-content\/uploads\/2019\/02\/whatsapp-image-2019-01-24-at-19.16.09-768x432.jpeg 768w, https:\/\/redefrancofona.direito.ufmg.br\/wp-content\/uploads\/2019\/02\/whatsapp-image-2019-01-24-at-19.16.09-192x108.jpeg 192w\" sizes=\"auto, (max-width: 863px) 100vw, 863px\" \/><\/figure>\n","protected":false},"excerpt":{"rendered":"<p>A oferta de cursos sobre os mais variados temas relacionados \u00e0 francofonia \u00e9 um dos objetivos da Rede como meio de difus\u00e3o de conhecimentos. J\u00e1 no segundo semestre de 2018 a Rede trouxe aos alunos da UFMG a disciplina \u201cDroit du commerce ext\u00e9rieur de l\u2019Union europ\u00e9enne\u201c, lecionado no Master 2 Juriste d\u2019affaires europ\u00e9en, da Universit\u00e9 &hellip; <a href=\"https:\/\/redefrancofona.direito.ufmg.br\/?page_id=65\" class=\"more-link\">Continuar lendo <span class=\"screen-reader-text\">Cursos<\/span><\/a><\/p>\n","protected":false},"author":1,"featured_media":0,"parent":0,"menu_order":0,"comment_status":"closed","ping_status":"closed","template":"","meta":{"footnotes":""},"class_list":["post-65","page","type-page","status-publish","hentry"],"_links":{"self":[{"href":"https:\/\/redefrancofona.direito.ufmg.br\/index.php?rest_route=\/wp\/v2\/pages\/65","targetHints":{"allow":["GET"]}}],"collection":[{"href":"https:\/\/redefrancofona.direito.ufmg.br\/index.php?rest_route=\/wp\/v2\/pages"}],"about":[{"href":"https:\/\/redefrancofona.direito.ufmg.br\/index.php?rest_route=\/wp\/v2\/types\/page"}],"author":[{"embeddable":true,"href":"https:\/\/redefrancofona.direito.ufmg.br\/index.php?rest_route=\/wp\/v2\/users\/1"}],"replies":[{"embeddable":true,"href":"https:\/\/redefrancofona.direito.ufmg.br\/index.php?rest_route=%2Fwp%2Fv2%2Fcomments&post=65"}],"version-history":[{"count":0,"href":"https:\/\/redefrancofona.direito.ufmg.br\/index.php?rest_route=\/wp\/v2\/pages\/65\/revisions"}],"wp:attachment":[{"href":"https:\/\/redefrancofona.direito.ufmg.br\/index.php?rest_route=%2Fwp%2Fv2%2Fmedia&parent=65"}],"curies":[{"name":"wp","href":"https:\/\/api.w.org\/{rel}","templated":true}]}}