{"id":69,"date":"2019-02-01T19:21:25","date_gmt":"2019-02-01T21:21:25","guid":{"rendered":"http:\/\/localhost\/redefrancofona\/?page_id=69"},"modified":"2019-08-12T13:11:43","modified_gmt":"2019-08-12T16:11:43","slug":"concours-charles-rousseau","status":"publish","type":"page","link":"https:\/\/redefrancofona.direito.ufmg.br\/?page_id=69","title":{"rendered":"Concours Charles Rousseau"},"content":{"rendered":"\n<div class=\"wp-block-media-text alignwide\" style=\"grid-template-columns:29% auto\"><figure class=\"wp-block-media-text__media\"><img loading=\"lazy\" decoding=\"async\" width=\"248\" height=\"210\" src=\"http:\/\/localhost\/redefrancofona\/wp-content\/uploads\/2019\/02\/logo-colombe.png\" alt=\"\" class=\"wp-image-70\" srcset=\"https:\/\/redefrancofona.direito.ufmg.br\/wp-content\/uploads\/2019\/02\/logo-colombe.png 248w, https:\/\/redefrancofona.direito.ufmg.br\/wp-content\/uploads\/2019\/02\/logo-colombe-128x108.png 128w\" sizes=\"auto, (max-width: 248px) 100vw, 248px\" \/><\/figure><div class=\"wp-block-media-text__content\">\n<p>A <strong>Competi\u00e7\u00e3o Charles-Rousseau<\/strong>, criada em 1985, \u00e9 a maior competi\u00e7\u00e3o&nbsp;franc\u00f3fona de Direito Internacional do mundo, promovida pela <em>R\u00e9seau Francophone<\/em><em>de Droit International<\/em>\n (Rede Franc\u00f3fona de Direito Internacional). A cada ano, ela&nbsp;conta com \nmais de 150 participantes de mais de 15 nacionalidades vindos \nde&nbsp;institui\u00e7\u00f5es extremamente renomadas, como a <em>Yale University<\/em> (EUA), a <em>Universit\u00e9<\/em><em>Laval<\/em> (Canad\u00e1) e a <em>Universit\u00e9 Paris 1 \u2013 Panth\u00e9on Sorbonne<\/em>\n (Fran\u00e7a). Trata-se de uma&nbsp;competi\u00e7\u00e3o que adquiriu grande sucesso entre \nestudantes, bem como no meio&nbsp;acad\u00eamico, em raz\u00e3o de seu car\u00e1ter \npedag\u00f3gico e de suas elevadas exig\u00eancias&nbsp;cient\u00edficas.<\/p>\n<\/div><\/div>\n\n\n\n<p>A Universidade Federal de Minas Gerais participa desta competi\u00e7\u00e3o desde o ano de 2014. Em 2016, nossa institui\u00e7\u00e3o foi a primeira universidade n\u00e3o franc\u00f3fona a vencer a competi\u00e7\u00e3o, obtendo o Pr\u00eamio Charles Rousseau, bem como o Pr\u00eamio da Sociedade Europeia de Direito Internacional, reservado aos finalistas (foto abaixo das competidoras da UFMG). Ademais, uma das integrantes da equipe, Let\u00edcia Andrade Lopes (\u00e0 direita na foto), ganhou o pr\u00eamio de melhor oradora da rodada final.<\/p>\n\n\n\n<figure class=\"wp-block-image\"><img loading=\"lazy\" decoding=\"async\" width=\"584\" height=\"389\" src=\"http:\/\/localhost\/redefrancofona\/wp-content\/uploads\/2019\/02\/joana-e-leticia.jpg\" alt=\"\" class=\"wp-image-71\" srcset=\"https:\/\/redefrancofona.direito.ufmg.br\/wp-content\/uploads\/2019\/02\/joana-e-leticia.jpg 584w, https:\/\/redefrancofona.direito.ufmg.br\/wp-content\/uploads\/2019\/02\/joana-e-leticia-300x200.jpg 300w, https:\/\/redefrancofona.direito.ufmg.br\/wp-content\/uploads\/2019\/02\/joana-e-leticia-162x108.jpg 162w\" sizes=\"auto, (max-width: 584px) 100vw, 584px\" \/><\/figure>\n\n\n\n<p>Al\u00e9m disso, em 2018, a aluna Ana Carolina Muniz conquistou o pr\u00eamio de 4\u00aa melhor oradora da competi\u00e7\u00e3o, sendo a \u00fanica n\u00e3o franc\u00f3fona a ganhar um pr\u00eamio.<\/p>\n\n\n\n<figure class=\"wp-block-image\"><img loading=\"lazy\" decoding=\"async\" width=\"750\" height=\"492\" src=\"http:\/\/localhost\/redefrancofona\/wp-content\/uploads\/2019\/02\/ana.jpg\" alt=\"\" class=\"wp-image-72\" srcset=\"https:\/\/redefrancofona.direito.ufmg.br\/wp-content\/uploads\/2019\/02\/ana.jpg 750w, https:\/\/redefrancofona.direito.ufmg.br\/wp-content\/uploads\/2019\/02\/ana-300x197.jpg 300w, https:\/\/redefrancofona.direito.ufmg.br\/wp-content\/uploads\/2019\/02\/ana-165x108.jpg 165w\" sizes=\"auto, (max-width: 750px) 100vw, 750px\" \/><\/figure>\n\n\n\n<p>Para mais informa\u00e7\u00f5es sobre a competi\u00e7\u00e3o, acesse o <a href=\"http:\/\/www.rfdi.net\/presentation-du-concours-charles-rousseau\/\" target=\"_blank\" rel=\"noreferrer noopener\">site oficial<\/a>.<\/p>\n\n\n\n<p>A Rede Franc\u00f3fona disponibiliza os memoriais das equipes da UFMG nas competi\u00e7\u00f5es da Rousseau em suas edi\u00e7\u00f5es de 2016 e de 2018.<\/p>\n\n\n\n<p><a href=\".\/wp-content\/uploads\/2019\/01\/observations-eecrites-des-etats-unis-dameerique.pdf\">Equipe de 2016 (parte 1)<\/a><\/p>\n\n\n\n<p><a href=\".\/wp-content\/uploads\/2019\/01\/observations-ecrites-de-la-republique-de-cuba.pdf\">Equipe de 2016 (parte 2)<\/a><\/p>\n\n\n\n<p><a href=\".\/wp-content\/uploads\/2019\/01\/universite-federale-de-minas-gerais-2018.pdf\">Equipe de 2018\u00a0<\/a><\/p>\n","protected":false},"excerpt":{"rendered":"<p>A Competi\u00e7\u00e3o Charles-Rousseau, criada em 1985, \u00e9 a maior competi\u00e7\u00e3o&nbsp;franc\u00f3fona de Direito Internacional do mundo, promovida pela R\u00e9seau Francophonede Droit International (Rede Franc\u00f3fona de Direito Internacional). A cada ano, ela&nbsp;conta com mais de 150 participantes de mais de 15 nacionalidades vindos de&nbsp;institui\u00e7\u00f5es extremamente renomadas, como a Yale University (EUA), a Universit\u00e9Laval (Canad\u00e1) e a Universit\u00e9 &hellip; <a href=\"https:\/\/redefrancofona.direito.ufmg.br\/?page_id=69\" class=\"more-link\">Continuar lendo <span class=\"screen-reader-text\">Concours Charles Rousseau<\/span><\/a><\/p>\n","protected":false},"author":1,"featured_media":0,"parent":0,"menu_order":0,"comment_status":"closed","ping_status":"closed","template":"","meta":{"footnotes":""},"class_list":["post-69","page","type-page","status-publish","hentry"],"_links":{"self":[{"href":"https:\/\/redefrancofona.direito.ufmg.br\/index.php?rest_route=\/wp\/v2\/pages\/69","targetHints":{"allow":["GET"]}}],"collection":[{"href":"https:\/\/redefrancofona.direito.ufmg.br\/index.php?rest_route=\/wp\/v2\/pages"}],"about":[{"href":"https:\/\/redefrancofona.direito.ufmg.br\/index.php?rest_route=\/wp\/v2\/types\/page"}],"author":[{"embeddable":true,"href":"https:\/\/redefrancofona.direito.ufmg.br\/index.php?rest_route=\/wp\/v2\/users\/1"}],"replies":[{"embeddable":true,"href":"https:\/\/redefrancofona.direito.ufmg.br\/index.php?rest_route=%2Fwp%2Fv2%2Fcomments&post=69"}],"version-history":[{"count":0,"href":"https:\/\/redefrancofona.direito.ufmg.br\/index.php?rest_route=\/wp\/v2\/pages\/69\/revisions"}],"wp:attachment":[{"href":"https:\/\/redefrancofona.direito.ufmg.br\/index.php?rest_route=%2Fwp%2Fv2%2Fmedia&parent=69"}],"curies":[{"name":"wp","href":"https:\/\/api.w.org\/{rel}","templated":true}]}}